{"id":370,"date":"2018-08-02T12:39:27","date_gmt":"2018-08-02T10:39:27","guid":{"rendered":"https:\/\/sh-sharing.it\/preiscrizione-cascina-fossata-confermata\/"},"modified":"2018-08-06T14:38:50","modified_gmt":"2018-08-06T12:38:50","slug":"preiscrizione-cascina-fossata-confermata","status":"publish","type":"page","link":"https:\/\/sh-sharing.it\/es\/preiscrizione-cascina-fossata-confermata\/","title":{"rendered":"Preinscripci\u00f3n en Cascina Fossata Confirmado"},"content":{"rendered":"<section  class='av_textblock_section av-jkcfgxi5-16fd25a788ee517252ca437658c68b7a '   itemscope=\"itemscope\" itemtype=\"https:\/\/schema.org\/CreativeWork\" ><div class='avia_textblock'  itemprop=\"text\" ><p>Estimado cliente,<\/p>\n<p>Gracias por completar el formulario de preinscripci\u00f3n. Le enviamos el resumen de preinscripci\u00f3n a su direcci\u00f3n de correo electr\u00f3nico. \u00a0<a href=\"mailto:booking@cascinafossata.it\">booking@cascinafossata.it<\/a><br \/>\nLe recordamos que para cualquier otra informaci\u00f3n posible, puede enviar un correo electr\u00f3nico a la direcci\u00f3n<\/p>\n<p>Esperando tenerlo lo m\u00e1s pronto posible como nuestro invitado,<\/p>\n<p>Saludos cordiales<\/p>\n<\/div><\/section>\n","protected":false},"excerpt":{"rendered":"","protected":false},"author":2,"featured_media":0,"parent":0,"menu_order":0,"comment_status":"closed","ping_status":"closed","template":"","meta":{"_acf_changed":false,"footnotes":""},"class_list":["post-370","page","type-page","status-publish","hentry"],"acf":[],"yoast_head":"<!-- This site is optimized with the Yoast SEO plugin v27.3 - https:\/\/yoast.com\/product\/yoast-seo-wordpress\/ -->\n<title>Preinscripci\u00f3n en Cascina Fossata Confirmado &#8212; Sh-Sharing<\/title>\n<meta name=\"robots\" content=\"noindex, nofollow\" \/>\n<meta property=\"og:locale\" content=\"es_ES\" \/>\n<meta property=\"og:type\" content=\"article\" \/>\n<meta property=\"og:title\" content=\"Preinscripci\u00f3n en Cascina Fossata Confirmado &#8212; Sh-Sharing\" \/>\n<meta property=\"og:url\" content=\"https:\/\/sh-sharing.it\/es\/preiscrizione-cascina-fossata-confermata\/\" \/>\n<meta property=\"og:site_name\" content=\"Sh-Sharing\" \/>\n<meta property=\"article:modified_time\" content=\"2018-08-06T12:38:50+00:00\" \/>\n<meta name=\"twitter:card\" content=\"summary_large_image\" \/>\n<script type=\"application\/ld+json\" class=\"yoast-schema-graph\">{\"@context\":\"https:\\\/\\\/schema.org\",\"@graph\":[{\"@type\":\"WebPage\",\"@id\":\"https:\\\/\\\/sh-sharing.it\\\/es\\\/preiscrizione-cascina-fossata-confermata\\\/\",\"url\":\"https:\\\/\\\/sh-sharing.it\\\/es\\\/preiscrizione-cascina-fossata-confermata\\\/\",\"name\":\"Preinscripci\u00f3n en Cascina Fossata Confirmado &#8212; Sh-Sharing\",\"isPartOf\":{\"@id\":\"https:\\\/\\\/sh-sharing.it\\\/#website\"},\"datePublished\":\"2018-08-02T10:39:27+00:00\",\"dateModified\":\"2018-08-06T12:38:50+00:00\",\"breadcrumb\":{\"@id\":\"https:\\\/\\\/sh-sharing.it\\\/es\\\/preiscrizione-cascina-fossata-confermata\\\/#breadcrumb\"},\"inLanguage\":\"es\",\"potentialAction\":[{\"@type\":\"ReadAction\",\"target\":[\"https:\\\/\\\/sh-sharing.it\\\/es\\\/preiscrizione-cascina-fossata-confermata\\\/\"]}]},{\"@type\":\"BreadcrumbList\",\"@id\":\"https:\\\/\\\/sh-sharing.it\\\/es\\\/preiscrizione-cascina-fossata-confermata\\\/#breadcrumb\",\"itemListElement\":[{\"@type\":\"ListItem\",\"position\":1,\"name\":\"Home\",\"item\":\"https:\\\/\\\/sh-sharing.it\\\/es\\\/homepage\\\/\"},{\"@type\":\"ListItem\",\"position\":2,\"name\":\"Preinscripci\u00f3n en Cascina Fossata Confirmado\"}]},{\"@type\":\"WebSite\",\"@id\":\"https:\\\/\\\/sh-sharing.it\\\/#website\",\"url\":\"https:\\\/\\\/sh-sharing.it\\\/\",\"name\":\"Sh-Sharing\",\"description\":\"Torino\",\"potentialAction\":[{\"@type\":\"SearchAction\",\"target\":{\"@type\":\"EntryPoint\",\"urlTemplate\":\"https:\\\/\\\/sh-sharing.it\\\/?s={search_term_string}\"},\"query-input\":{\"@type\":\"PropertyValueSpecification\",\"valueRequired\":true,\"valueName\":\"search_term_string\"}}],\"inLanguage\":\"es\"}]}<\/script>\n<!-- \/ Yoast SEO plugin. -->","yoast_head_json":{"title":"Preinscripci\u00f3n en Cascina Fossata Confirmado &#8212; Sh-Sharing","robots":{"index":"noindex","follow":"nofollow"},"og_locale":"es_ES","og_type":"article","og_title":"Preinscripci\u00f3n en Cascina Fossata Confirmado &#8212; Sh-Sharing","og_url":"https:\/\/sh-sharing.it\/es\/preiscrizione-cascina-fossata-confermata\/","og_site_name":"Sh-Sharing","article_modified_time":"2018-08-06T12:38:50+00:00","twitter_card":"summary_large_image","schema":{"@context":"https:\/\/schema.org","@graph":[{"@type":"WebPage","@id":"https:\/\/sh-sharing.it\/es\/preiscrizione-cascina-fossata-confermata\/","url":"https:\/\/sh-sharing.it\/es\/preiscrizione-cascina-fossata-confermata\/","name":"Preinscripci\u00f3n en Cascina Fossata Confirmado &#8212; Sh-Sharing","isPartOf":{"@id":"https:\/\/sh-sharing.it\/#website"},"datePublished":"2018-08-02T10:39:27+00:00","dateModified":"2018-08-06T12:38:50+00:00","breadcrumb":{"@id":"https:\/\/sh-sharing.it\/es\/preiscrizione-cascina-fossata-confermata\/#breadcrumb"},"inLanguage":"es","potentialAction":[{"@type":"ReadAction","target":["https:\/\/sh-sharing.it\/es\/preiscrizione-cascina-fossata-confermata\/"]}]},{"@type":"BreadcrumbList","@id":"https:\/\/sh-sharing.it\/es\/preiscrizione-cascina-fossata-confermata\/#breadcrumb","itemListElement":[{"@type":"ListItem","position":1,"name":"Home","item":"https:\/\/sh-sharing.it\/es\/homepage\/"},{"@type":"ListItem","position":2,"name":"Preinscripci\u00f3n en Cascina Fossata Confirmado"}]},{"@type":"WebSite","@id":"https:\/\/sh-sharing.it\/#website","url":"https:\/\/sh-sharing.it\/","name":"Sh-Sharing","description":"Torino","potentialAction":[{"@type":"SearchAction","target":{"@type":"EntryPoint","urlTemplate":"https:\/\/sh-sharing.it\/?s={search_term_string}"},"query-input":{"@type":"PropertyValueSpecification","valueRequired":true,"valueName":"search_term_string"}}],"inLanguage":"es"}]}},"_links":{"self":[{"href":"https:\/\/sh-sharing.it\/es\/wp-json\/wp\/v2\/pages\/370","targetHints":{"allow":["GET"]}}],"collection":[{"href":"https:\/\/sh-sharing.it\/es\/wp-json\/wp\/v2\/pages"}],"about":[{"href":"https:\/\/sh-sharing.it\/es\/wp-json\/wp\/v2\/types\/page"}],"author":[{"embeddable":true,"href":"https:\/\/sh-sharing.it\/es\/wp-json\/wp\/v2\/users\/2"}],"replies":[{"embeddable":true,"href":"https:\/\/sh-sharing.it\/es\/wp-json\/wp\/v2\/comments?post=370"}],"version-history":[{"count":5,"href":"https:\/\/sh-sharing.it\/es\/wp-json\/wp\/v2\/pages\/370\/revisions"}],"predecessor-version":[{"id":633,"href":"https:\/\/sh-sharing.it\/es\/wp-json\/wp\/v2\/pages\/370\/revisions\/633"}],"wp:attachment":[{"href":"https:\/\/sh-sharing.it\/es\/wp-json\/wp\/v2\/media?parent=370"}],"curies":[{"name":"wp","href":"https:\/\/api.w.org\/{rel}","templated":true}]}}