{"id":353,"date":"2018-07-26T12:22:43","date_gmt":"2018-07-26T10:22:43","guid":{"rendered":"https:\/\/sh-sharing.it\/prenota-a-cascina-fossata\/"},"modified":"2018-08-02T15:04:10","modified_gmt":"2018-08-02T13:04:10","slug":"prenota-a-cascina-fossata","status":"publish","type":"page","link":"https:\/\/sh-sharing.it\/es\/prenota-a-cascina-fossata\/","title":{"rendered":"Reservar en Cascina Fossata"},"content":{"rendered":"\n<style type=\"text\/css\" data-created_by=\"avia_inline_auto\" id=\"style-css-av-jkckmdqw-3589c4914ee8a4127effbc0674731928\">\n#top .av-special-heading.av-jkckmdqw-3589c4914ee8a4127effbc0674731928{\npadding-bottom:10px;\n}\nbody .av-special-heading.av-jkckmdqw-3589c4914ee8a4127effbc0674731928 .av-special-heading-tag .heading-char{\nfont-size:25px;\n}\n.av-special-heading.av-jkckmdqw-3589c4914ee8a4127effbc0674731928 .av-subheading{\nfont-size:15px;\n}\n<\/style>\n<div  class='av-special-heading av-jkckmdqw-3589c4914ee8a4127effbc0674731928 av-special-heading-h2 blockquote modern-quote  avia-builder-el-0  el_before_av_textblock  avia-builder-el-first '><h2 class='av-special-heading-tag '  itemprop=\"headline\"  >\u00bfEst\u00e1s buscando una habitaci\u00f3n o apartamento en alquiler?<\/h2><div class=\"special-heading-border\"><div class=\"special-heading-inner-border\"><\/div><\/div><\/div>\n<section  class='av_textblock_section av-jkcdyhc4-cec54db7687dd65b1945930265d0fde5 '   itemscope=\"itemscope\" itemtype=\"https:\/\/schema.org\/CreativeWork\" ><div class='avia_textblock'  itemprop=\"text\" ><p>Complete el formulario para indicar sus detalles, el tipo de apartamento y el per\u00edodo de su estad\u00eda. Ser\u00e1n contactados por nuestros operadores y usted recibir\u00e1 toda la informaci\u00f3n para finalizar su contrato de residencia. Todos los campos deben ser completados. En caso de duda, siempre puede cambiar su reserva.<\/p>\n<\/div><\/section>\n<div  class='hr av-v26u-ed09bf00ad8843eebbd672bc09606259 hr-default  avia-builder-el-2  el_after_av_textblock  avia-builder-el-last '><span class='hr-inner '><span class=\"hr-inner-style\"><\/span><\/span><\/div>\n","protected":false},"excerpt":{"rendered":"","protected":false},"author":1,"featured_media":2304,"parent":0,"menu_order":0,"comment_status":"closed","ping_status":"closed","template":"template-form-cascina.php","meta":{"_acf_changed":false,"footnotes":""},"class_list":["post-353","page","type-page","status-publish","has-post-thumbnail","hentry"],"acf":[],"yoast_head":"<!-- This site is optimized with the Yoast SEO plugin v27.4 - https:\/\/yoast.com\/product\/yoast-seo-wordpress\/ -->\n<title>Reservar en Cascina Fossata &#8212; Sh-Sharing<\/title>\n<meta name=\"robots\" content=\"noindex, nofollow\" \/>\n<meta property=\"og:locale\" content=\"es_ES\" \/>\n<meta property=\"og:type\" content=\"article\" \/>\n<meta property=\"og:title\" content=\"Reservar en Cascina Fossata &#8212; Sh-Sharing\" \/>\n<meta property=\"og:url\" content=\"https:\/\/sh-sharing.it\/es\/prenota-a-cascina-fossata\/\" \/>\n<meta property=\"og:site_name\" content=\"Sh-Sharing\" \/>\n<meta property=\"article:modified_time\" content=\"2018-08-02T13:04:10+00:00\" \/>\n<meta property=\"og:image\" content=\"https:\/\/sh-sharing.it\/wp-content\/uploads\/2019\/04\/DJI_0599aerial.jpg\" \/>\n\t<meta property=\"og:image:width\" content=\"1500\" \/>\n\t<meta property=\"og:image:height\" content=\"837\" \/>\n\t<meta property=\"og:image:type\" content=\"image\/jpeg\" \/>\n<meta name=\"twitter:card\" content=\"summary_large_image\" \/>\n<meta name=\"twitter:label1\" content=\"Tiempo de lectura\" \/>\n\t<meta name=\"twitter:data1\" content=\"1 minuto\" \/>\n<script type=\"application\/ld+json\" class=\"yoast-schema-graph\">{\"@context\":\"https:\\\/\\\/schema.org\",\"@graph\":[{\"@type\":\"WebPage\",\"@id\":\"https:\\\/\\\/sh-sharing.it\\\/es\\\/prenota-a-cascina-fossata\\\/\",\"url\":\"https:\\\/\\\/sh-sharing.it\\\/es\\\/prenota-a-cascina-fossata\\\/\",\"name\":\"Reservar en Cascina Fossata &#8212; Sh-Sharing\",\"isPartOf\":{\"@id\":\"https:\\\/\\\/sh-sharing.it\\\/#website\"},\"primaryImageOfPage\":{\"@id\":\"https:\\\/\\\/sh-sharing.it\\\/es\\\/prenota-a-cascina-fossata\\\/#primaryimage\"},\"image\":{\"@id\":\"https:\\\/\\\/sh-sharing.it\\\/es\\\/prenota-a-cascina-fossata\\\/#primaryimage\"},\"thumbnailUrl\":\"https:\\\/\\\/sh-sharing.it\\\/wp-content\\\/uploads\\\/2019\\\/04\\\/DJI_0599aerial.jpg\",\"datePublished\":\"2018-07-26T10:22:43+00:00\",\"dateModified\":\"2018-08-02T13:04:10+00:00\",\"breadcrumb\":{\"@id\":\"https:\\\/\\\/sh-sharing.it\\\/es\\\/prenota-a-cascina-fossata\\\/#breadcrumb\"},\"inLanguage\":\"es\",\"potentialAction\":[{\"@type\":\"ReadAction\",\"target\":[\"https:\\\/\\\/sh-sharing.it\\\/es\\\/prenota-a-cascina-fossata\\\/\"]}]},{\"@type\":\"ImageObject\",\"inLanguage\":\"es\",\"@id\":\"https:\\\/\\\/sh-sharing.it\\\/es\\\/prenota-a-cascina-fossata\\\/#primaryimage\",\"url\":\"https:\\\/\\\/sh-sharing.it\\\/wp-content\\\/uploads\\\/2019\\\/04\\\/DJI_0599aerial.jpg\",\"contentUrl\":\"https:\\\/\\\/sh-sharing.it\\\/wp-content\\\/uploads\\\/2019\\\/04\\\/DJI_0599aerial.jpg\",\"width\":1500,\"height\":837},{\"@type\":\"BreadcrumbList\",\"@id\":\"https:\\\/\\\/sh-sharing.it\\\/es\\\/prenota-a-cascina-fossata\\\/#breadcrumb\",\"itemListElement\":[{\"@type\":\"ListItem\",\"position\":1,\"name\":\"Home\",\"item\":\"https:\\\/\\\/sh-sharing.it\\\/es\\\/homepage\\\/\"},{\"@type\":\"ListItem\",\"position\":2,\"name\":\"Reservar en Cascina Fossata\"}]},{\"@type\":\"WebSite\",\"@id\":\"https:\\\/\\\/sh-sharing.it\\\/#website\",\"url\":\"https:\\\/\\\/sh-sharing.it\\\/\",\"name\":\"Sh-Sharing\",\"description\":\"Torino\",\"potentialAction\":[{\"@type\":\"SearchAction\",\"target\":{\"@type\":\"EntryPoint\",\"urlTemplate\":\"https:\\\/\\\/sh-sharing.it\\\/?s={search_term_string}\"},\"query-input\":{\"@type\":\"PropertyValueSpecification\",\"valueRequired\":true,\"valueName\":\"search_term_string\"}}],\"inLanguage\":\"es\"}]}<\/script>\n<!-- \/ Yoast SEO plugin. -->","yoast_head_json":{"title":"Reservar en Cascina Fossata &#8212; Sh-Sharing","robots":{"index":"noindex","follow":"nofollow"},"og_locale":"es_ES","og_type":"article","og_title":"Reservar en Cascina Fossata &#8212; Sh-Sharing","og_url":"https:\/\/sh-sharing.it\/es\/prenota-a-cascina-fossata\/","og_site_name":"Sh-Sharing","article_modified_time":"2018-08-02T13:04:10+00:00","og_image":[{"width":1500,"height":837,"url":"https:\/\/sh-sharing.it\/wp-content\/uploads\/2019\/04\/DJI_0599aerial.jpg","type":"image\/jpeg"}],"twitter_card":"summary_large_image","twitter_misc":{"Tiempo de lectura":"1 minuto"},"schema":{"@context":"https:\/\/schema.org","@graph":[{"@type":"WebPage","@id":"https:\/\/sh-sharing.it\/es\/prenota-a-cascina-fossata\/","url":"https:\/\/sh-sharing.it\/es\/prenota-a-cascina-fossata\/","name":"Reservar en Cascina Fossata &#8212; Sh-Sharing","isPartOf":{"@id":"https:\/\/sh-sharing.it\/#website"},"primaryImageOfPage":{"@id":"https:\/\/sh-sharing.it\/es\/prenota-a-cascina-fossata\/#primaryimage"},"image":{"@id":"https:\/\/sh-sharing.it\/es\/prenota-a-cascina-fossata\/#primaryimage"},"thumbnailUrl":"https:\/\/sh-sharing.it\/wp-content\/uploads\/2019\/04\/DJI_0599aerial.jpg","datePublished":"2018-07-26T10:22:43+00:00","dateModified":"2018-08-02T13:04:10+00:00","breadcrumb":{"@id":"https:\/\/sh-sharing.it\/es\/prenota-a-cascina-fossata\/#breadcrumb"},"inLanguage":"es","potentialAction":[{"@type":"ReadAction","target":["https:\/\/sh-sharing.it\/es\/prenota-a-cascina-fossata\/"]}]},{"@type":"ImageObject","inLanguage":"es","@id":"https:\/\/sh-sharing.it\/es\/prenota-a-cascina-fossata\/#primaryimage","url":"https:\/\/sh-sharing.it\/wp-content\/uploads\/2019\/04\/DJI_0599aerial.jpg","contentUrl":"https:\/\/sh-sharing.it\/wp-content\/uploads\/2019\/04\/DJI_0599aerial.jpg","width":1500,"height":837},{"@type":"BreadcrumbList","@id":"https:\/\/sh-sharing.it\/es\/prenota-a-cascina-fossata\/#breadcrumb","itemListElement":[{"@type":"ListItem","position":1,"name":"Home","item":"https:\/\/sh-sharing.it\/es\/homepage\/"},{"@type":"ListItem","position":2,"name":"Reservar en Cascina Fossata"}]},{"@type":"WebSite","@id":"https:\/\/sh-sharing.it\/#website","url":"https:\/\/sh-sharing.it\/","name":"Sh-Sharing","description":"Torino","potentialAction":[{"@type":"SearchAction","target":{"@type":"EntryPoint","urlTemplate":"https:\/\/sh-sharing.it\/?s={search_term_string}"},"query-input":{"@type":"PropertyValueSpecification","valueRequired":true,"valueName":"search_term_string"}}],"inLanguage":"es"}]}},"_links":{"self":[{"href":"https:\/\/sh-sharing.it\/es\/wp-json\/wp\/v2\/pages\/353","targetHints":{"allow":["GET"]}}],"collection":[{"href":"https:\/\/sh-sharing.it\/es\/wp-json\/wp\/v2\/pages"}],"about":[{"href":"https:\/\/sh-sharing.it\/es\/wp-json\/wp\/v2\/types\/page"}],"author":[{"embeddable":true,"href":"https:\/\/sh-sharing.it\/es\/wp-json\/wp\/v2\/users\/1"}],"replies":[{"embeddable":true,"href":"https:\/\/sh-sharing.it\/es\/wp-json\/wp\/v2\/comments?post=353"}],"version-history":[{"count":2,"href":"https:\/\/sh-sharing.it\/es\/wp-json\/wp\/v2\/pages\/353\/revisions"}],"predecessor-version":[{"id":472,"href":"https:\/\/sh-sharing.it\/es\/wp-json\/wp\/v2\/pages\/353\/revisions\/472"}],"wp:featuredmedia":[{"embeddable":true,"href":"https:\/\/sh-sharing.it\/es\/wp-json\/wp\/v2\/media\/2304"}],"wp:attachment":[{"href":"https:\/\/sh-sharing.it\/es\/wp-json\/wp\/v2\/media?parent=353"}],"curies":[{"name":"wp","href":"https:\/\/api.w.org\/{rel}","templated":true}]}}