{"id":346,"date":"2018-08-02T12:17:47","date_gmt":"2018-08-02T10:17:47","guid":{"rendered":"https:\/\/sh-sharing.it\/preiscrizione-sharing-confermata\/"},"modified":"2018-08-06T14:34:15","modified_gmt":"2018-08-06T12:34:15","slug":"preiscrizione-sharing-confermata","status":"publish","type":"page","link":"https:\/\/sh-sharing.it\/es\/preiscrizione-sharing-confermata\/","title":{"rendered":"Preinscripci\u00f3n en  Sharing Torino Confirmado"},"content":{"rendered":"<section  class='av_textblock_section av-jkceombe-dd321b14e6154e0218fedfd44a4e4fdc '   itemscope=\"itemscope\" itemtype=\"https:\/\/schema.org\/CreativeWork\" ><div class='avia_textblock'  itemprop=\"text\" ><p>Estimado cliente,<\/p>\n<p>Gracias por completar el formulario de preinscripci\u00f3n. Le enviamos el resumen de preinscripci\u00f3n a su direcci\u00f3n de correo electr\u00f3nico. \u00a0<a href=\"mailto:booking@sharing.to.it\">booking@sharing.to.it<\/a><br \/>\nLe recordamos que para cualquier otra informaci\u00f3n posible, puede enviar un correo electr\u00f3nico a la direcci\u00f3n<\/p>\n<p>Esperando tenerlo lo m\u00e1s pronto posible como nuestro invitado,<\/p>\n<p>Saludos cordiales<\/p>\n<\/div><\/section>\n","protected":false},"excerpt":{"rendered":"","protected":false},"author":2,"featured_media":1069,"parent":0,"menu_order":0,"comment_status":"closed","ping_status":"closed","template":"","meta":{"_acf_changed":false,"footnotes":""},"class_list":["post-346","page","type-page","status-publish","has-post-thumbnail","hentry"],"acf":[],"yoast_head":"<!-- This site is optimized with the Yoast SEO plugin v27.4 - https:\/\/yoast.com\/product\/yoast-seo-wordpress\/ -->\n<title>Preinscripci\u00f3n en Sharing Torino Confirmado &#8212; Sh-Sharing<\/title>\n<meta name=\"robots\" content=\"noindex, nofollow\" \/>\n<meta property=\"og:locale\" content=\"es_ES\" \/>\n<meta property=\"og:type\" content=\"article\" \/>\n<meta property=\"og:title\" content=\"Preinscripci\u00f3n en Sharing Torino Confirmado &#8212; Sh-Sharing\" \/>\n<meta property=\"og:url\" content=\"https:\/\/sh-sharing.it\/es\/preiscrizione-sharing-confermata\/\" \/>\n<meta property=\"og:site_name\" content=\"Sh-Sharing\" \/>\n<meta property=\"article:modified_time\" content=\"2018-08-06T12:34:15+00:00\" \/>\n<meta property=\"og:image\" content=\"https:\/\/sh-sharing.it\/wp-content\/uploads\/2018\/08\/DSC_0015.jpg\" \/>\n\t<meta property=\"og:image:width\" content=\"1525\" \/>\n\t<meta property=\"og:image:height\" content=\"1000\" \/>\n\t<meta property=\"og:image:type\" content=\"image\/jpeg\" \/>\n<meta name=\"twitter:card\" content=\"summary_large_image\" \/>\n<script type=\"application\/ld+json\" class=\"yoast-schema-graph\">{\"@context\":\"https:\\\/\\\/schema.org\",\"@graph\":[{\"@type\":\"WebPage\",\"@id\":\"https:\\\/\\\/sh-sharing.it\\\/es\\\/preiscrizione-sharing-confermata\\\/\",\"url\":\"https:\\\/\\\/sh-sharing.it\\\/es\\\/preiscrizione-sharing-confermata\\\/\",\"name\":\"Preinscripci\u00f3n en Sharing Torino Confirmado &#8212; Sh-Sharing\",\"isPartOf\":{\"@id\":\"https:\\\/\\\/sh-sharing.it\\\/#website\"},\"primaryImageOfPage\":{\"@id\":\"https:\\\/\\\/sh-sharing.it\\\/es\\\/preiscrizione-sharing-confermata\\\/#primaryimage\"},\"image\":{\"@id\":\"https:\\\/\\\/sh-sharing.it\\\/es\\\/preiscrizione-sharing-confermata\\\/#primaryimage\"},\"thumbnailUrl\":\"https:\\\/\\\/sh-sharing.it\\\/wp-content\\\/uploads\\\/2018\\\/08\\\/DSC_0015.jpg\",\"datePublished\":\"2018-08-02T10:17:47+00:00\",\"dateModified\":\"2018-08-06T12:34:15+00:00\",\"breadcrumb\":{\"@id\":\"https:\\\/\\\/sh-sharing.it\\\/es\\\/preiscrizione-sharing-confermata\\\/#breadcrumb\"},\"inLanguage\":\"es\",\"potentialAction\":[{\"@type\":\"ReadAction\",\"target\":[\"https:\\\/\\\/sh-sharing.it\\\/es\\\/preiscrizione-sharing-confermata\\\/\"]}]},{\"@type\":\"ImageObject\",\"inLanguage\":\"es\",\"@id\":\"https:\\\/\\\/sh-sharing.it\\\/es\\\/preiscrizione-sharing-confermata\\\/#primaryimage\",\"url\":\"https:\\\/\\\/sh-sharing.it\\\/wp-content\\\/uploads\\\/2018\\\/08\\\/DSC_0015.jpg\",\"contentUrl\":\"https:\\\/\\\/sh-sharing.it\\\/wp-content\\\/uploads\\\/2018\\\/08\\\/DSC_0015.jpg\",\"width\":1525,\"height\":1000},{\"@type\":\"BreadcrumbList\",\"@id\":\"https:\\\/\\\/sh-sharing.it\\\/es\\\/preiscrizione-sharing-confermata\\\/#breadcrumb\",\"itemListElement\":[{\"@type\":\"ListItem\",\"position\":1,\"name\":\"Home\",\"item\":\"https:\\\/\\\/sh-sharing.it\\\/es\\\/homepage\\\/\"},{\"@type\":\"ListItem\",\"position\":2,\"name\":\"Preinscripci\u00f3n en Sharing Torino Confirmado\"}]},{\"@type\":\"WebSite\",\"@id\":\"https:\\\/\\\/sh-sharing.it\\\/#website\",\"url\":\"https:\\\/\\\/sh-sharing.it\\\/\",\"name\":\"Sh-Sharing\",\"description\":\"Torino\",\"potentialAction\":[{\"@type\":\"SearchAction\",\"target\":{\"@type\":\"EntryPoint\",\"urlTemplate\":\"https:\\\/\\\/sh-sharing.it\\\/?s={search_term_string}\"},\"query-input\":{\"@type\":\"PropertyValueSpecification\",\"valueRequired\":true,\"valueName\":\"search_term_string\"}}],\"inLanguage\":\"es\"}]}<\/script>\n<!-- \/ Yoast SEO plugin. -->","yoast_head_json":{"title":"Preinscripci\u00f3n en Sharing Torino Confirmado &#8212; Sh-Sharing","robots":{"index":"noindex","follow":"nofollow"},"og_locale":"es_ES","og_type":"article","og_title":"Preinscripci\u00f3n en Sharing Torino Confirmado &#8212; Sh-Sharing","og_url":"https:\/\/sh-sharing.it\/es\/preiscrizione-sharing-confermata\/","og_site_name":"Sh-Sharing","article_modified_time":"2018-08-06T12:34:15+00:00","og_image":[{"width":1525,"height":1000,"url":"https:\/\/sh-sharing.it\/wp-content\/uploads\/2018\/08\/DSC_0015.jpg","type":"image\/jpeg"}],"twitter_card":"summary_large_image","schema":{"@context":"https:\/\/schema.org","@graph":[{"@type":"WebPage","@id":"https:\/\/sh-sharing.it\/es\/preiscrizione-sharing-confermata\/","url":"https:\/\/sh-sharing.it\/es\/preiscrizione-sharing-confermata\/","name":"Preinscripci\u00f3n en Sharing Torino Confirmado &#8212; Sh-Sharing","isPartOf":{"@id":"https:\/\/sh-sharing.it\/#website"},"primaryImageOfPage":{"@id":"https:\/\/sh-sharing.it\/es\/preiscrizione-sharing-confermata\/#primaryimage"},"image":{"@id":"https:\/\/sh-sharing.it\/es\/preiscrizione-sharing-confermata\/#primaryimage"},"thumbnailUrl":"https:\/\/sh-sharing.it\/wp-content\/uploads\/2018\/08\/DSC_0015.jpg","datePublished":"2018-08-02T10:17:47+00:00","dateModified":"2018-08-06T12:34:15+00:00","breadcrumb":{"@id":"https:\/\/sh-sharing.it\/es\/preiscrizione-sharing-confermata\/#breadcrumb"},"inLanguage":"es","potentialAction":[{"@type":"ReadAction","target":["https:\/\/sh-sharing.it\/es\/preiscrizione-sharing-confermata\/"]}]},{"@type":"ImageObject","inLanguage":"es","@id":"https:\/\/sh-sharing.it\/es\/preiscrizione-sharing-confermata\/#primaryimage","url":"https:\/\/sh-sharing.it\/wp-content\/uploads\/2018\/08\/DSC_0015.jpg","contentUrl":"https:\/\/sh-sharing.it\/wp-content\/uploads\/2018\/08\/DSC_0015.jpg","width":1525,"height":1000},{"@type":"BreadcrumbList","@id":"https:\/\/sh-sharing.it\/es\/preiscrizione-sharing-confermata\/#breadcrumb","itemListElement":[{"@type":"ListItem","position":1,"name":"Home","item":"https:\/\/sh-sharing.it\/es\/homepage\/"},{"@type":"ListItem","position":2,"name":"Preinscripci\u00f3n en Sharing Torino Confirmado"}]},{"@type":"WebSite","@id":"https:\/\/sh-sharing.it\/#website","url":"https:\/\/sh-sharing.it\/","name":"Sh-Sharing","description":"Torino","potentialAction":[{"@type":"SearchAction","target":{"@type":"EntryPoint","urlTemplate":"https:\/\/sh-sharing.it\/?s={search_term_string}"},"query-input":{"@type":"PropertyValueSpecification","valueRequired":true,"valueName":"search_term_string"}}],"inLanguage":"es"}]}},"_links":{"self":[{"href":"https:\/\/sh-sharing.it\/es\/wp-json\/wp\/v2\/pages\/346","targetHints":{"allow":["GET"]}}],"collection":[{"href":"https:\/\/sh-sharing.it\/es\/wp-json\/wp\/v2\/pages"}],"about":[{"href":"https:\/\/sh-sharing.it\/es\/wp-json\/wp\/v2\/types\/page"}],"author":[{"embeddable":true,"href":"https:\/\/sh-sharing.it\/es\/wp-json\/wp\/v2\/users\/2"}],"replies":[{"embeddable":true,"href":"https:\/\/sh-sharing.it\/es\/wp-json\/wp\/v2\/comments?post=346"}],"version-history":[{"count":4,"href":"https:\/\/sh-sharing.it\/es\/wp-json\/wp\/v2\/pages\/346\/revisions"}],"predecessor-version":[{"id":623,"href":"https:\/\/sh-sharing.it\/es\/wp-json\/wp\/v2\/pages\/346\/revisions\/623"}],"wp:featuredmedia":[{"embeddable":true,"href":"https:\/\/sh-sharing.it\/es\/wp-json\/wp\/v2\/media\/1069"}],"wp:attachment":[{"href":"https:\/\/sh-sharing.it\/es\/wp-json\/wp\/v2\/media?parent=346"}],"curies":[{"name":"wp","href":"https:\/\/api.w.org\/{rel}","templated":true}]}}